{"id":123,"date":"2022-10-10T20:06:46","date_gmt":"2022-10-10T20:06:46","guid":{"rendered":"https:\/\/zattu.com\/amiistudio\/?page_id=123"},"modified":"2023-04-18T07:59:07","modified_gmt":"2023-04-18T07:59:07","slug":"about-us-designs","status":"publish","type":"page","link":"https:\/\/zattu.com\/amiistudio\/about-us-designs\/","title":{"rendered":"About Us"},"content":{"rendered":"\n<style type=\"text\/css\" data-created_by=\"avia_inline_auto\" id=\"style-css-av-1n00ln-67f0463db089aee51af4d5e542430a2c\">\n#top .hr.av-1n00ln-67f0463db089aee51af4d5e542430a2c{\nmargin-top:0px;\nmargin-bottom:30px;\n}\n.hr.av-1n00ln-67f0463db089aee51af4d5e542430a2c .hr-inner{\nwidth:1500px;\nborder-color:#a8887d;\n}\n<\/style>\n<div  class='hr av-1n00ln-67f0463db089aee51af4d5e542430a2c hr-custom  avia-builder-el-0  el_before_av_layout_row  avia-builder-el-no-sibling  av-small-hide av-mini-hide hr-center hr-icon-no'><span class='hr-inner inner-border-av-border-thin'><span class=\"hr-inner-style\"><\/span><\/span><\/div>\n<\/div><\/div><\/div><!-- close content main div --><\/div><\/div><div id='grid-mobile'  class='av-layout-grid-container av-f1gdn-fb4cd6eedca48582d1dfb2e7ccc8c4a7 entry-content-wrapper main_color av-flex-cells  avia-builder-el-1  el_after_av_hr  el_before_av_section  av-cell-min-height av-cell-min-height-100 grid-row-not-first  container_wrap fullsize'   data-av_minimum_height_pc='100'>\n\n<style type=\"text\/css\" data-created_by=\"avia_inline_auto\" id=\"style-css-av-7g8qb-65550824579755d9629bdae8b0e2e523\">\n.flex_cell.av-7g8qb-65550824579755d9629bdae8b0e2e523{\nvertical-align:top;\nbackground:url(https:\/\/zattu.com\/amiistudio\/wp-content\/uploads\/2022\/10\/amii__about-banner.png) 50% 50% no-repeat scroll ;\n}\n<\/style>\n<div class='flex_cell av-7g8qb-65550824579755d9629bdae8b0e2e523 av-gridrow-cell av_one_full no_margin  avia-builder-el-2  avia-builder-el-no-sibling  avia-full-stretch' ><div class='flex_cell_inner'><\/div><\/div>\n<\/div>\n<div id='av-center-align-columns'  class='avia-section av-gs0oz-0ce5e67d4b92e317072809e1165cfa3b main_color avia-section-default avia-no-border-styling  avia-builder-el-3  el_after_av_layout_row  avia-builder-el-last  avia-bg-style-scroll container_wrap fullsize'  ><div class='container av-section-cont-open' ><div class='template-page content  av-content-full alpha units'><div class='post-entry post-entry-type-page post-entry-123'><div class='entry-content-wrapper clearfix'>\n<div class='flex_column av-9j717-bdd3ed45bae51bde9f443b0075cf916e av_one_full  avia-builder-el-4  el_before_av_hr  avia-builder-el-first  first flex_column_div '     ><section  class='av_textblock_section av-l9fzaj30-7c86c07044d409f3c273231ee45184a7'  itemscope=\"itemscope\" itemtype=\"https:\/\/schema.org\/CreativeWork\" ><div class='avia_textblock'  itemprop=\"text\" ><p class=\"amii__quotes\">&#8220;Our designs are massively inspired by our clients and their aspirations, our love for clean, aesthetically beautiful, and functional spaces.&#8221;<\/p>\n<\/div><\/section><br \/>\n<section  class='av_textblock_section av-l9g0pn4n-9ea9f7639d6ef80ed73ea86124b98416'  itemscope=\"itemscope\" itemtype=\"https:\/\/schema.org\/CreativeWork\" ><div class='avia_textblock'  itemprop=\"text\" ><p class=\"amii__quotes-author\">Gbemisola Oru<\/p>\n<p class=\"amii__quotes-designation\">Creative Director, AMII Design Studio<\/p>\n<\/div><\/section><\/p><\/div>\n<style type=\"text\/css\" data-created_by=\"avia_inline_auto\" id=\"style-css-av-1ghmbv-946919918e8ccfacb668687bdde8331f\">\n#top .hr.av-1ghmbv-946919918e8ccfacb668687bdde8331f{\nmargin-top:67px;\nmargin-bottom:111px;\n}\n.hr.av-1ghmbv-946919918e8ccfacb668687bdde8331f .hr-inner{\nwidth:1500px;\nborder-color:#a8887d;\n}\n<\/style>\n<div  class='hr av-1ghmbv-946919918e8ccfacb668687bdde8331f hr-custom  avia-builder-el-7  el_after_av_one_full  el_before_av_one_half  av-small-hide av-mini-hide hr-center hr-icon-no'><span class='hr-inner inner-border-av-border-thin'><span class=\"hr-inner-style\"><\/span><\/span><\/div>\n<div class='flex_column av-1auh23-28e0536e48615d563512913f6f1efd66 av_one_half  avia-builder-el-8  el_after_av_hr  el_before_av_one_half  first flex_column_div '     ><section  class='av_textblock_section av-10oiob-4244f2bc2c8ebe395f21d6955fd2bd41'  itemscope=\"itemscope\" itemtype=\"https:\/\/schema.org\/CreativeWork\" ><div class='avia_textblock'  itemprop=\"text\" ><p class=\"amii__how-it-started\">How It All Started<\/p>\n<\/div><\/section><br \/>\n\n<style type=\"text\/css\" data-created_by=\"avia_inline_auto\" id=\"style-css-av-ukwt7-ebeafd038884ead3bb06a444793e9031\">\n#top .hr.av-ukwt7-ebeafd038884ead3bb06a444793e9031{\nmargin-top:-30px;\nmargin-bottom:30px;\n}\n.hr.av-ukwt7-ebeafd038884ead3bb06a444793e9031 .hr-inner{\nwidth:421px;\nborder-color:#a8887d;\n}\n<\/style>\n<div  class='hr av-ukwt7-ebeafd038884ead3bb06a444793e9031 hr-custom  avia-builder-el-10  el_after_av_textblock  el_before_av_textblock  amii__horizontal hr-left hr-icon-no'><span class='hr-inner inner-border-av-border-thin'><span class=\"hr-inner-style\"><\/span><\/span><\/div><br \/>\n<section  class='av_textblock_section av-q3y23-fa91417e64aec810c229e8dbcbedbd92'  itemscope=\"itemscope\" itemtype=\"https:\/\/schema.org\/CreativeWork\" ><div class='avia_textblock'  itemprop=\"text\" ><p class=\"amii__how-it-started-text\">Established in 2020, \u00c0m\u00ec\u00ec Design Studio is an interior design firm that positively impacts the quality and aesthetic of living across the world.<\/p>\n<p class=\"amii__how-it-started-text\">Our designs are massively inspired by our clients and their aspirations, our love for clean, minimalist, aesthetically beautiful, and functional spaces. We specialize in private residential and commercial properties.<\/p>\n<\/div><\/section><\/p><\/div><div class='flex_column av-nj5s3-a9bf562f095d85d170d76b4a01dbe4da av_one_half  avia-builder-el-12  el_after_av_one_half  el_before_av_hr  flex_column_div '     ><section  class='av_textblock_section av-l9g1ji38-e757db006816a705bc3f9e5cef347a90'  itemscope=\"itemscope\" itemtype=\"https:\/\/schema.org\/CreativeWork\" ><div class='avia_textblock'  itemprop=\"text\" ><p><img decoding=\"async\" class=\"amii__how-it-started-image\" src=\"https:\/\/zattu.com\/amiistudio\/wp-content\/uploads\/2022\/10\/amii__how-we-started.png\" alt=\"Designs is How it all started\" width=\"606\" height=\"773\" \/><\/p>\n<\/div><\/section><\/div>\n<style type=\"text\/css\" data-created_by=\"avia_inline_auto\" id=\"style-css-av-l937u48x-2b428a15bbb61648e7a8941007d09314\">\n#top .hr.av-l937u48x-2b428a15bbb61648e7a8941007d09314{\nmargin-top:67px;\nmargin-bottom:111px;\n}\n.hr.av-l937u48x-2b428a15bbb61648e7a8941007d09314 .hr-inner{\nwidth:1500px;\nborder-color:#a8887d;\n}\n<\/style>\n<div  class='hr av-l937u48x-2b428a15bbb61648e7a8941007d09314 hr-custom  avia-builder-el-14  el_after_av_one_half  el_before_av_one_half  about__hr av-small-hide av-mini-hide hr-center hr-icon-no'><span class='hr-inner inner-border-av-border-thin'><span class=\"hr-inner-style\"><\/span><\/span><\/div>\n<div class='flex_column av-f3j83-ac3c257e22715b61e2e806b7c5583b5c av_one_half  avia-builder-el-15  el_after_av_hr  el_before_av_one_half  first flex_column_div '     ><section  class='av_textblock_section av-l9g33lbt-f2e1c2aede0e89ce1053ea6b6549cb0d'  itemscope=\"itemscope\" itemtype=\"https:\/\/schema.org\/CreativeWork\" ><div class='avia_textblock'  itemprop=\"text\" ><p><img decoding=\"async\" class=\"amii__what-we-do-image\" src=\"https:\/\/zattu.com\/amiistudio\/wp-content\/uploads\/2022\/10\/amii__what-we-do.png\" alt=\"amii designs\" width=\"580\" height=\"773\" \/><\/p>\n<\/div><\/section><\/div><div class='flex_column av-8yvjv-608a49714ea3f5a9be8398a2d6e32fc7 av_one_half  avia-builder-el-17  el_after_av_one_half  avia-builder-el-last  flex_column_div '     ><section  class='av_textblock_section av-l9g34pqx-e2738271673eb8fffc79842c656a6421'  itemscope=\"itemscope\" itemtype=\"https:\/\/schema.org\/CreativeWork\" ><div class='avia_textblock'  itemprop=\"text\" ><p class=\"amii__what-we-do\">What We Do<\/p>\n<\/div><\/section><br \/>\n\n<style type=\"text\/css\" data-created_by=\"avia_inline_auto\" id=\"style-css-av-l9g2g8rv-b2cb36742b82b3bda14a7f796f658f83\">\n#top .hr.av-l9g2g8rv-b2cb36742b82b3bda14a7f796f658f83{\nmargin-top:-30px;\nmargin-bottom:30px;\n}\n.hr.av-l9g2g8rv-b2cb36742b82b3bda14a7f796f658f83 .hr-inner{\nwidth:421px;\nborder-color:#a8887d;\n}\n<\/style>\n<div  class='hr av-l9g2g8rv-b2cb36742b82b3bda14a7f796f658f83 hr-custom  avia-builder-el-19  el_after_av_textblock  el_before_av_textblock  amii__horizontal hr-left hr-icon-no'><span class='hr-inner inner-border-av-border-thin'><span class=\"hr-inner-style\"><\/span><\/span><\/div><br \/>\n<section  class='av_textblock_section av-l9g1v6a6-1e2d8cd223d3b2592a5d508b64567e55'  itemscope=\"itemscope\" itemtype=\"https:\/\/schema.org\/CreativeWork\" ><div class='avia_textblock'  itemprop=\"text\" ><p class=\"amii__what-we-do-text\">Amii Design Studio was officially launched in 2020 with a mission to \u2018positively and beautifully impact the world\u2019. We wanted to approach this through amazing and inspiring quality and aesthetically pleasing elements and hoped to become one of the leading designers to become a bench mark in today\u2019s growing design industry.<\/p>\n<p class=\"amii__what-we-do-text\">We leverage in the aspect of who we are, which are the differentiators that we what we choose to amplify.<\/p>\n<p class=\"amii__what-we-do-text\">We are very particular about what our clients want and the feeling they get when they walk into their space.The promise is different when you work with amii design.<\/p>\n<\/div><\/section><\/p><\/div>\n","protected":false},"excerpt":{"rendered":"","protected":false},"author":1,"featured_media":0,"parent":0,"menu_order":0,"comment_status":"closed","ping_status":"closed","template":"","meta":{"footnotes":""},"class_list":["post-123","page","type-page","status-publish","hentry"],"yoast_head":"<!-- This site is optimized with the Yoast SEO plugin v20.5 - https:\/\/yoast.com\/wordpress\/plugins\/seo\/ -->\n<title>About Us - Amii Studio<\/title>\n<meta name=\"description\" content=\"Our designs are massively inspired by our clients and their aspirations, our love for clean, aesthetically beautiful, and functional spaces.\" \/>\n<meta name=\"robots\" content=\"index, follow, max-snippet:-1, max-image-preview:large, max-video-preview:-1\" \/>\n<link rel=\"canonical\" href=\"https:\/\/zattu.com\/amiistudio\/about-us-designs\/\" \/>\n<meta property=\"og:locale\" content=\"en_US\" \/>\n<meta property=\"og:type\" content=\"article\" \/>\n<meta property=\"og:title\" content=\"About Us - Amii Studio\" \/>\n<meta property=\"og:description\" content=\"Our designs are massively inspired by our clients and their aspirations, our love for clean, aesthetically beautiful, and functional spaces.\" \/>\n<meta property=\"og:url\" content=\"https:\/\/zattu.com\/amiistudio\/about-us-designs\/\" \/>\n<meta property=\"og:site_name\" content=\"Amii Studio\" \/>\n<meta property=\"article:modified_time\" content=\"2023-04-18T07:59:07+00:00\" \/>\n<meta property=\"og:image\" content=\"https:\/\/zattu.com\/amiistudio\/wp-content\/uploads\/2022\/10\/amii__how-we-started.png\" \/>\n<meta name=\"twitter:card\" content=\"summary_large_image\" \/>\n<meta name=\"twitter:label1\" content=\"Est. reading time\" \/>\n\t<meta name=\"twitter:data1\" content=\"6 minutes\" \/>\n<script type=\"application\/ld+json\" class=\"yoast-schema-graph\">{\"@context\":\"https:\/\/schema.org\",\"@graph\":[{\"@type\":[\"WebPage\",\"AboutPage\"],\"@id\":\"https:\/\/zattu.com\/amiistudio\/about-us-designs\/\",\"url\":\"https:\/\/zattu.com\/amiistudio\/about-us-designs\/\",\"name\":\"About Us - Amii Studio\",\"isPartOf\":{\"@id\":\"https:\/\/zattu.com\/amiistudio\/#website\"},\"datePublished\":\"2022-10-10T20:06:46+00:00\",\"dateModified\":\"2023-04-18T07:59:07+00:00\",\"description\":\"Our designs are massively inspired by our clients and their aspirations, our love for clean, aesthetically beautiful, and functional spaces.\",\"breadcrumb\":{\"@id\":\"https:\/\/zattu.com\/amiistudio\/about-us-designs\/#breadcrumb\"},\"inLanguage\":\"en-US\",\"potentialAction\":[{\"@type\":\"ReadAction\",\"target\":[\"https:\/\/zattu.com\/amiistudio\/about-us-designs\/\"]}]},{\"@type\":\"BreadcrumbList\",\"@id\":\"https:\/\/zattu.com\/amiistudio\/about-us-designs\/#breadcrumb\",\"itemListElement\":[{\"@type\":\"ListItem\",\"position\":1,\"name\":\"Home\",\"item\":\"https:\/\/zattu.com\/amiistudio\/amii-studio\/\"},{\"@type\":\"ListItem\",\"position\":2,\"name\":\"About Us\"}]},{\"@type\":\"WebSite\",\"@id\":\"https:\/\/zattu.com\/amiistudio\/#website\",\"url\":\"https:\/\/zattu.com\/amiistudio\/\",\"name\":\"Amii Studio\",\"description\":\"Modern | Contemporary | Apt\",\"publisher\":{\"@id\":\"https:\/\/zattu.com\/amiistudio\/#organization\"},\"potentialAction\":[{\"@type\":\"SearchAction\",\"target\":{\"@type\":\"EntryPoint\",\"urlTemplate\":\"https:\/\/zattu.com\/amiistudio\/?s={search_term_string}\"},\"query-input\":\"required name=search_term_string\"}],\"inLanguage\":\"en-US\"},{\"@type\":\"Organization\",\"@id\":\"https:\/\/zattu.com\/amiistudio\/#organization\",\"name\":\"Amii Studio\",\"url\":\"https:\/\/zattu.com\/amiistudio\/\",\"logo\":{\"@type\":\"ImageObject\",\"inLanguage\":\"en-US\",\"@id\":\"https:\/\/zattu.com\/amiistudio\/#\/schema\/logo\/image\/\",\"url\":\"https:\/\/zattu.com\/amiistudio\/wp-content\/uploads\/2022\/10\/Amii-logo.svg\",\"contentUrl\":\"https:\/\/zattu.com\/amiistudio\/wp-content\/uploads\/2022\/10\/Amii-logo.svg\",\"width\":340,\"height\":156,\"caption\":\"Amii Studio\"},\"image\":{\"@id\":\"https:\/\/zattu.com\/amiistudio\/#\/schema\/logo\/image\/\"}}]}<\/script>\n<!-- \/ Yoast SEO plugin. -->","yoast_head_json":{"title":"About Us - Amii Studio","description":"Our designs are massively inspired by our clients and their aspirations, our love for clean, aesthetically beautiful, and functional spaces.","robots":{"index":"index","follow":"follow","max-snippet":"max-snippet:-1","max-image-preview":"max-image-preview:large","max-video-preview":"max-video-preview:-1"},"canonical":"https:\/\/zattu.com\/amiistudio\/about-us-designs\/","og_locale":"en_US","og_type":"article","og_title":"About Us - Amii Studio","og_description":"Our designs are massively inspired by our clients and their aspirations, our love for clean, aesthetically beautiful, and functional spaces.","og_url":"https:\/\/zattu.com\/amiistudio\/about-us-designs\/","og_site_name":"Amii Studio","article_modified_time":"2023-04-18T07:59:07+00:00","og_image":[{"url":"https:\/\/zattu.com\/amiistudio\/wp-content\/uploads\/2022\/10\/amii__how-we-started.png"}],"twitter_card":"summary_large_image","twitter_misc":{"Est. reading time":"6 minutes"},"schema":{"@context":"https:\/\/schema.org","@graph":[{"@type":["WebPage","AboutPage"],"@id":"https:\/\/zattu.com\/amiistudio\/about-us-designs\/","url":"https:\/\/zattu.com\/amiistudio\/about-us-designs\/","name":"About Us - Amii Studio","isPartOf":{"@id":"https:\/\/zattu.com\/amiistudio\/#website"},"datePublished":"2022-10-10T20:06:46+00:00","dateModified":"2023-04-18T07:59:07+00:00","description":"Our designs are massively inspired by our clients and their aspirations, our love for clean, aesthetically beautiful, and functional spaces.","breadcrumb":{"@id":"https:\/\/zattu.com\/amiistudio\/about-us-designs\/#breadcrumb"},"inLanguage":"en-US","potentialAction":[{"@type":"ReadAction","target":["https:\/\/zattu.com\/amiistudio\/about-us-designs\/"]}]},{"@type":"BreadcrumbList","@id":"https:\/\/zattu.com\/amiistudio\/about-us-designs\/#breadcrumb","itemListElement":[{"@type":"ListItem","position":1,"name":"Home","item":"https:\/\/zattu.com\/amiistudio\/amii-studio\/"},{"@type":"ListItem","position":2,"name":"About Us"}]},{"@type":"WebSite","@id":"https:\/\/zattu.com\/amiistudio\/#website","url":"https:\/\/zattu.com\/amiistudio\/","name":"Amii Studio","description":"Modern | Contemporary | Apt","publisher":{"@id":"https:\/\/zattu.com\/amiistudio\/#organization"},"potentialAction":[{"@type":"SearchAction","target":{"@type":"EntryPoint","urlTemplate":"https:\/\/zattu.com\/amiistudio\/?s={search_term_string}"},"query-input":"required name=search_term_string"}],"inLanguage":"en-US"},{"@type":"Organization","@id":"https:\/\/zattu.com\/amiistudio\/#organization","name":"Amii Studio","url":"https:\/\/zattu.com\/amiistudio\/","logo":{"@type":"ImageObject","inLanguage":"en-US","@id":"https:\/\/zattu.com\/amiistudio\/#\/schema\/logo\/image\/","url":"https:\/\/zattu.com\/amiistudio\/wp-content\/uploads\/2022\/10\/Amii-logo.svg","contentUrl":"https:\/\/zattu.com\/amiistudio\/wp-content\/uploads\/2022\/10\/Amii-logo.svg","width":340,"height":156,"caption":"Amii Studio"},"image":{"@id":"https:\/\/zattu.com\/amiistudio\/#\/schema\/logo\/image\/"}}]}},"_links":{"self":[{"href":"https:\/\/zattu.com\/amiistudio\/wp-json\/wp\/v2\/pages\/123","targetHints":{"allow":["GET"]}}],"collection":[{"href":"https:\/\/zattu.com\/amiistudio\/wp-json\/wp\/v2\/pages"}],"about":[{"href":"https:\/\/zattu.com\/amiistudio\/wp-json\/wp\/v2\/types\/page"}],"author":[{"embeddable":true,"href":"https:\/\/zattu.com\/amiistudio\/wp-json\/wp\/v2\/users\/1"}],"replies":[{"embeddable":true,"href":"https:\/\/zattu.com\/amiistudio\/wp-json\/wp\/v2\/comments?post=123"}],"version-history":[{"count":54,"href":"https:\/\/zattu.com\/amiistudio\/wp-json\/wp\/v2\/pages\/123\/revisions"}],"predecessor-version":[{"id":968,"href":"https:\/\/zattu.com\/amiistudio\/wp-json\/wp\/v2\/pages\/123\/revisions\/968"}],"wp:attachment":[{"href":"https:\/\/zattu.com\/amiistudio\/wp-json\/wp\/v2\/media?parent=123"}],"curies":[{"name":"wp","href":"https:\/\/api.w.org\/{rel}","templated":true}]}}